{"id":10,"date":"2021-02-15T22:26:23","date_gmt":"2021-02-15T21:26:23","guid":{"rendered":"https:\/\/web1.unine.ch\/vivrelafrontiere\/?page_id=10"},"modified":"2023-11-22T17:34:42","modified_gmt":"2023-11-22T16:34:42","slug":"association","status":"publish","type":"page","link":"https:\/\/www.vivrelafrontiere.org\/?page_id=10","title":{"rendered":"L&rsquo;association"},"content":{"rendered":"\n<div class=\"wp-block-group alignwide is-layout-flow wp-block-group-is-layout-flow\">\n<div class=\"wp-block-media-text alignwide has-media-on-the-right is-stacked-on-mobile\"><figure class=\"wp-block-media-text__media\"><img loading=\"lazy\" decoding=\"async\" width=\"2560\" height=\"1708\" src=\"https:\/\/web1.unine.ch\/vivrelafrontiere\/wp-content\/uploads\/2021\/02\/DSC07177-scaled.jpg\" alt=\"\" class=\"wp-image-286 size-full\" srcset=\"https:\/\/www.vivrelafrontiere.org\/wp-content\/uploads\/2021\/02\/DSC07177-scaled.jpg 2560w, https:\/\/www.vivrelafrontiere.org\/wp-content\/uploads\/2021\/02\/DSC07177-300x200.jpg 300w, https:\/\/www.vivrelafrontiere.org\/wp-content\/uploads\/2021\/02\/DSC07177-1024x683.jpg 1024w, https:\/\/www.vivrelafrontiere.org\/wp-content\/uploads\/2021\/02\/DSC07177-768x512.jpg 768w, https:\/\/www.vivrelafrontiere.org\/wp-content\/uploads\/2021\/02\/DSC07177-1536x1025.jpg 1536w, https:\/\/www.vivrelafrontiere.org\/wp-content\/uploads\/2021\/02\/DSC07177-2048x1366.jpg 2048w, https:\/\/www.vivrelafrontiere.org\/wp-content\/uploads\/2021\/02\/DSC07177-720x480.jpg 720w\" sizes=\"auto, (min-width: 960px) 75vw, 100vw\" \/><\/figure><div class=\"wp-block-media-text__content\">\n<h2 class=\"wp-block-heading\">L&rsquo;association<\/h2>\n\n\n\n<p class=\"has-text-align-left\">L\u2019association Vivre la Fronti\u00e8re a \u00e9t\u00e9 cr\u00e9\u00e9e avec l\u2019objectif de promouvoir la recherche-action artistique autour des tensions, des revendications et des formes de coop\u00e9ration qui caract\u00e9risent l\u2019Arc jurassien, dans l\u2019histoire et aujourd\u2019hui. <\/p>\n\n\n\n<p class=\"has-text-align-left\">Elle vise la cr\u00e9ation d\u2019un programme d\u2019\u00e9v\u00e9nements culturels portant sur la fronti\u00e8re franco-suisse et sur la diversit\u00e9 des trajectoires et es positionnements de ses diff\u00e9rentes r\u00e9gions et zones de contact. <\/p>\n\n\n\n<p class=\"has-text-align-left\">L\u2019association VLF est une association soutenue par un groupe de suivi compos\u00e9 de personnalit\u00e9s actives dans les cantons de Berne, du Jura, de Neuch\u00e2tel et de Vaud.<\/p>\n\n\n\n<p><em>photo \u00a9 Julien Humbert-Droz<\/em><\/p>\n<\/div><\/div>\n\n\n\n<div class=\"wp-block-file\"><a href=\"https:\/\/web1.unine.ch\/vivrelafrontiere\/wp-content\/uploads\/2021\/02\/VF-resume-projet-et-groupe-de-redaction-nov.-2020-3.pdf\" target=\"_blank\" rel=\"noreferrer noopener\"><em>Papier de pr\u00e9sentation de de l&rsquo;association<\/em><\/a><a href=\"https:\/\/web1.unine.ch\/vivrelafrontiere\/wp-content\/uploads\/2021\/02\/VF-resume-projet-et-groupe-de-redaction-nov.-2020-3.pdf\" class=\"wp-block-file__button\" download>T\u00e9l\u00e9charger (PDF, 883 Ko)<\/a><\/div>\n<\/div>\n\n\n\n<div style=\"height:25px\" aria-hidden=\"true\" class=\"wp-block-spacer\"><\/div>\n\n\n\n<hr class=\"wp-block-separator\"\/>\n\n\n\n<div style=\"height:30px\" aria-hidden=\"true\" class=\"wp-block-spacer\"><\/div>\n\n\n\n<div class=\"wp-block-columns is-layout-flex wp-container-core-columns-is-layout-28f84493 wp-block-columns-is-layout-flex\">\n<div class=\"wp-block-column is-layout-flow wp-block-column-is-layout-flow\">\n<div class=\"wp-block-buttons is-content-justification-right is-layout-flex wp-block-buttons-is-layout-flex\">\n<div class=\"wp-block-button\"><a class=\"wp-block-button__link has-theme-yellow-color has-text-color\" href=\"https:\/\/web1.unine.ch\/vivrelafrontiere\/?page_id=14\">Historique<\/a><\/div>\n<\/div>\n<\/div>\n\n\n\n<div class=\"wp-block-column is-layout-flow wp-block-column-is-layout-flow\">\n<div class=\"wp-block-buttons is-content-justification-right is-layout-flex wp-block-buttons-is-layout-flex\">\n<div class=\"wp-block-button\"><a class=\"wp-block-button__link has-theme-yellow-color has-text-color\" href=\"https:\/\/web1.unine.ch\/vivrelafrontiere\/?page_id=15\">Buts de l&rsquo;association<\/a><\/div>\n<\/div>\n<\/div>\n\n\n\n<div class=\"wp-block-column is-layout-flow wp-block-column-is-layout-flow\">\n<div class=\"wp-block-buttons is-content-justification-center is-layout-flex wp-block-buttons-is-layout-flex\">\n<div class=\"wp-block-button\"><a class=\"wp-block-button__link has-theme-yellow-color has-text-color\" href=\"https:\/\/web1.unine.ch\/vivrelafrontiere\/?page_id=16\">Groupe de suivi<\/a><\/div>\n<\/div>\n<\/div>\n\n\n\n<div class=\"wp-block-column is-layout-flow wp-block-column-is-layout-flow\">\n<div class=\"wp-block-buttons is-content-justification-left is-layout-flex wp-block-buttons-is-layout-flex\">\n<div class=\"wp-block-button\"><a class=\"wp-block-button__link has-theme-yellow-color has-text-color\" href=\"https:\/\/web1.unine.ch\/vivrelafrontiere\/?page_id=17\">Partenaires<\/a><\/div>\n<\/div>\n<\/div>\n<\/div>\n\n\n\n<p><\/p>\n","protected":false},"excerpt":{"rendered":"<p>L&rsquo;association L\u2019association Vivre la Fronti\u00e8re a \u00e9t\u00e9 cr\u00e9\u00e9e avec l\u2019objectif de promouvoir la recherche-action artistique autour des tensions, des revendications et des formes de coop\u00e9ration qui caract\u00e9risent l\u2019Arc jurassien, dans l\u2019histoire et aujourd\u2019hui. Elle vise la cr\u00e9ation d\u2019un programme d\u2019\u00e9v\u00e9nements culturels portant sur la fronti\u00e8re franco-suisse et sur la diversit\u00e9 des trajectoires et es positionnements &hellip; <a href=\"https:\/\/www.vivrelafrontiere.org\/?page_id=10\" class=\"more-link\">Poursuivre la lecture <span class=\"screen-reader-text\"> \u00ab\u00a0L&rsquo;association\u00a0\u00bb<\/span><\/a><\/p>\n","protected":false},"author":2,"featured_media":0,"parent":0,"menu_order":0,"comment_status":"closed","ping_status":"closed","template":"","meta":{"footnotes":""},"class_list":["post-10","page","type-page","status-publish","hentry"],"_links":{"self":[{"href":"https:\/\/www.vivrelafrontiere.org\/index.php?rest_route=\/wp\/v2\/pages\/10","targetHints":{"allow":["GET"]}}],"collection":[{"href":"https:\/\/www.vivrelafrontiere.org\/index.php?rest_route=\/wp\/v2\/pages"}],"about":[{"href":"https:\/\/www.vivrelafrontiere.org\/index.php?rest_route=\/wp\/v2\/types\/page"}],"author":[{"embeddable":true,"href":"https:\/\/www.vivrelafrontiere.org\/index.php?rest_route=\/wp\/v2\/users\/2"}],"replies":[{"embeddable":true,"href":"https:\/\/www.vivrelafrontiere.org\/index.php?rest_route=%2Fwp%2Fv2%2Fcomments&post=10"}],"version-history":[{"count":30,"href":"https:\/\/www.vivrelafrontiere.org\/index.php?rest_route=\/wp\/v2\/pages\/10\/revisions"}],"predecessor-version":[{"id":769,"href":"https:\/\/www.vivrelafrontiere.org\/index.php?rest_route=\/wp\/v2\/pages\/10\/revisions\/769"}],"wp:attachment":[{"href":"https:\/\/www.vivrelafrontiere.org\/index.php?rest_route=%2Fwp%2Fv2%2Fmedia&parent=10"}],"curies":[{"name":"wp","href":"https:\/\/api.w.org\/{rel}","templated":true}]}}