{"id":14,"date":"2021-02-15T22:26:24","date_gmt":"2021-02-15T21:26:24","guid":{"rendered":"https:\/\/web1.unine.ch\/vivrelafrontiere\/?page_id=14"},"modified":"2023-11-22T18:23:01","modified_gmt":"2023-11-22T17:23:01","slug":"historique","status":"publish","type":"page","link":"https:\/\/www.vivrelafrontiere.org\/?page_id=14","title":{"rendered":"Historique"},"content":{"rendered":"\n<div class=\"wp-block-media-text alignwide has-media-on-the-right is-stacked-on-mobile\"><div class=\"wp-block-media-text__content\">\n<h2 class=\"wp-block-heading\"><\/h2>\n\n\n\n<p>Ce projet est n\u00e9 de la volont\u00e9 conjointe de diff\u00e9rents acteurs de quatre cantons de l\u2019Arc jurassien (BE, JU, NE, VD) de prendre \u00e0 bras le corps la \u00ab&nbsp;probl\u00e9matique frontali\u00e8re&nbsp;\u00bb et d\u2019y r\u00e9fl\u00e9chir de mani\u00e8re innovante, \u00e0 la fois ludique et analytique. <\/p>\n\n\n\n<p>Nous partons d\u2019un int\u00e9r\u00eat commun double : aussi bien d\u2019anticiper les tensions que d\u2019explorer des synergies dans cette r\u00e9gion g\u00e9o\u00e9conomique si particuli\u00e8re, bassin historique d\u2019\u00e9changes, de collaborations et d\u2019\u00e9mulations mutuels.<\/p>\n\n\n\n<p>De l\u00e0 est n\u00e9e la cr\u00e9ation de l\u2019association et le lancement d\u2019un programme de recherche-action artistique qui, nous l\u2019esp\u00e9rons, impliquera quantit\u00e9 de partenaires d\u2019une diversit\u00e9 de secteurs et de r\u00e9gion de la fronti\u00e8re franco-suisse. <\/p>\n\n\n\n<p><em>photo \u00a9 Fondation Re-Borne<\/em><\/p>\n<\/div><figure class=\"wp-block-media-text__media\"><img loading=\"lazy\" decoding=\"async\" width=\"800\" height=\"449\" src=\"https:\/\/web1.unine.ch\/vivrelafrontiere\/wp-content\/uploads\/2021\/02\/20191004_cp_re_borne_lvu_010-1.jpg\" alt=\"\" class=\"wp-image-78 size-full\" srcset=\"https:\/\/www.vivrelafrontiere.org\/wp-content\/uploads\/2021\/02\/20191004_cp_re_borne_lvu_010-1.jpg 800w, https:\/\/www.vivrelafrontiere.org\/wp-content\/uploads\/2021\/02\/20191004_cp_re_borne_lvu_010-1-300x168.jpg 300w, https:\/\/www.vivrelafrontiere.org\/wp-content\/uploads\/2021\/02\/20191004_cp_re_borne_lvu_010-1-768x431.jpg 768w, https:\/\/www.vivrelafrontiere.org\/wp-content\/uploads\/2021\/02\/20191004_cp_re_borne_lvu_010-1-720x404.jpg 720w\" sizes=\"auto, (min-width: 960px) 75vw, 100vw\" \/><\/figure><\/div>\n\n\n\n<div style=\"height:35px\" aria-hidden=\"true\" class=\"wp-block-spacer\"><\/div>\n\n\n\n<hr class=\"wp-block-separator has-css-opacity\"\/>\n\n\n\n<div style=\"height:30px\" aria-hidden=\"true\" class=\"wp-block-spacer\"><\/div>\n\n\n\n<div class=\"wp-block-columns is-layout-flex wp-container-core-columns-is-layout-28f84493 wp-block-columns-is-layout-flex\">\n<div class=\"wp-block-column is-layout-flow wp-block-column-is-layout-flow\">\n<div class=\"wp-block-buttons is-layout-flex wp-block-buttons-is-layout-flex\">\n<div class=\"wp-block-button\"><a class=\"wp-block-button__link wp-element-button\" href=\"https:\/\/www.vivrelafrontiere.org\/?page_id=15\">Buts de l&rsquo;association<\/a><\/div>\n<\/div>\n<\/div>\n\n\n\n<div class=\"wp-block-column is-layout-flow wp-block-column-is-layout-flow\">\n<div class=\"wp-block-buttons is-layout-flex wp-block-buttons-is-layout-flex\">\n<div class=\"wp-block-button\"><a class=\"wp-block-button__link wp-element-button\" href=\"https:\/\/www.vivrelafrontiere.org\/?page_id=16\">Groupe de suivi<\/a><\/div>\n<\/div>\n<\/div>\n\n\n\n<div class=\"wp-block-column is-layout-flow wp-block-column-is-layout-flow\">\n<div class=\"wp-block-buttons is-layout-flex wp-block-buttons-is-layout-flex\">\n<div class=\"wp-block-button\"><a class=\"wp-block-button__link wp-element-button\" href=\"https:\/\/www.vivrelafrontiere.org\/?page_id=17\">Partenaires<\/a><\/div>\n<\/div>\n<\/div>\n<\/div>\n\n\n\n<div class=\"wp-block-buttons is-layout-flex wp-block-buttons-is-layout-flex\"><\/div>\n","protected":false},"excerpt":{"rendered":"<p>Ce projet est n\u00e9 de la volont\u00e9 conjointe de diff\u00e9rents acteurs de quatre cantons de l\u2019Arc jurassien (BE, JU, NE, VD) de prendre \u00e0 bras le corps la \u00ab&nbsp;probl\u00e9matique frontali\u00e8re&nbsp;\u00bb et d\u2019y r\u00e9fl\u00e9chir de mani\u00e8re innovante, \u00e0 la fois ludique et analytique. Nous partons d\u2019un int\u00e9r\u00eat commun double : aussi bien d\u2019anticiper les tensions que &hellip; <a href=\"https:\/\/www.vivrelafrontiere.org\/?page_id=14\" class=\"more-link\">Poursuivre la lecture <span class=\"screen-reader-text\"> \u00ab\u00a0Historique\u00a0\u00bb<\/span><\/a><\/p>\n","protected":false},"author":2,"featured_media":0,"parent":0,"menu_order":0,"comment_status":"closed","ping_status":"closed","template":"","meta":{"footnotes":""},"class_list":["post-14","page","type-page","status-publish","hentry"],"_links":{"self":[{"href":"https:\/\/www.vivrelafrontiere.org\/index.php?rest_route=\/wp\/v2\/pages\/14","targetHints":{"allow":["GET"]}}],"collection":[{"href":"https:\/\/www.vivrelafrontiere.org\/index.php?rest_route=\/wp\/v2\/pages"}],"about":[{"href":"https:\/\/www.vivrelafrontiere.org\/index.php?rest_route=\/wp\/v2\/types\/page"}],"author":[{"embeddable":true,"href":"https:\/\/www.vivrelafrontiere.org\/index.php?rest_route=\/wp\/v2\/users\/2"}],"replies":[{"embeddable":true,"href":"https:\/\/www.vivrelafrontiere.org\/index.php?rest_route=%2Fwp%2Fv2%2Fcomments&post=14"}],"version-history":[{"count":18,"href":"https:\/\/www.vivrelafrontiere.org\/index.php?rest_route=\/wp\/v2\/pages\/14\/revisions"}],"predecessor-version":[{"id":790,"href":"https:\/\/www.vivrelafrontiere.org\/index.php?rest_route=\/wp\/v2\/pages\/14\/revisions\/790"}],"wp:attachment":[{"href":"https:\/\/www.vivrelafrontiere.org\/index.php?rest_route=%2Fwp%2Fv2%2Fmedia&parent=14"}],"curies":[{"name":"wp","href":"https:\/\/api.w.org\/{rel}","templated":true}]}}