{"id":16,"date":"2021-02-15T22:26:24","date_gmt":"2021-02-15T21:26:24","guid":{"rendered":"https:\/\/web1.unine.ch\/vivrelafrontiere\/?page_id=16"},"modified":"2023-11-22T17:49:08","modified_gmt":"2023-11-22T16:49:08","slug":"groupe-de-suivi","status":"publish","type":"page","link":"https:\/\/www.vivrelafrontiere.org\/?page_id=16","title":{"rendered":"Groupe de suivi"},"content":{"rendered":"\n<h2 class=\"wp-block-heading\">Groupe de suivi<\/h2>\n\n\n\n<p class=\"has-text-align-left\">Afin que l\u2019association ne soit pas une simple \u00ab coquille vide \u00bb mais une ressource vivante, diff\u00e9rentes personnalit\u00e9s de la r\u00e9gion ont \u00e9t\u00e9 sollicit\u00e9es dans le but de former un comit\u00e9 de suivi \u00e9volutif. Ce&nbsp;<em>think tank<\/em>&nbsp;accompagnera la r\u00e9flexion sur le th\u00e8me lui-m\u00eame et sur le d\u00e9veloppement des projets artistiques et culturels.<\/p>\n\n\n\n<p>Il est constitu\u00e9 des personnes suivantes :<\/p>\n\n\n\n<ul class=\"wp-block-list\">\n<li>Baptiste AUBERT, cin\u00e9aste, doctorant, Institut d\u2019ethnologie, Universit\u00e9 de Neuch\u00e2tel (NE)<\/li>\n\n\n\n<li>R\u00e9gis BORRUAT, directeur du Parc du Doubs, Saignel\u00e9gier (JU)<\/li>\n\n\n\n<li>Alain BOURQUI, directeur g\u00e9n\u00e9ral de la Soci\u00e9t\u00e9 \u00e9lectrique de la Vall\u00e9e de Joux, L\u2019Orient (VD)<\/li>\n\n\n\n<li>Jean-Pierre BR\u00dcGGER, ancien directeur du CIFOM, La Chaux-de-Fonds (NE)<\/li>\n\n\n\n<li>Yvan CUCHE, co-directeur du Centre de Culture ABC, La Chaux-de-Fonds (NE)<\/li>\n\n\n\n<li>Florian EITEL, conservateur histoire, Nouveau Mus\u00e9e Bienne (BE)<\/li>\n\n\n\n<li>S\u00e9verine GUEISSAZ, membre du Conseil de Fondation, Centre international de la m\u00e9canique d\u2019art, St-Croix (VD)<\/li>\n\n\n\n<li>G\u00e9raldine GUESDON-ANNAN, collaboratrice, Parc Chasseral, Saint-Imier (BE)<\/li>\n\n\n\n<li>Fran\u00e7ois HAINARD, professeur \u00e9m\u00e9rite, Institut de sociologie, Universit\u00e9 de Neuch\u00e2tel et Pr\u00e9sident du Club-44, La Chaux-de-Fonds (NE)<\/li>\n\n\n\n<li>Claude HAUSER, professeur d\u2019histoire et sp\u00e9cialiste de l\u2019histoire contemporaine du Jura, Universit\u00e9 de Fribourg (FR)<\/li>\n\n\n\n<li>Blaise H\u00c9RITIER, directeur, Ecole jurassienne et conservatoire de musique, Del\u00e9mont (JU)<\/li>\n\n\n\n<li>Christine LEU, municipale de la commune de Grandson et ancienne coordinatrice r\u00e9gionale pour l\u2019Association pour le d\u00e9veloppement du Nord Vaudois, Grandson (VD)<\/li>\n\n\n\n<li>Patrick LINDER, Chambre d\u2019\u00e9conomie publique, B\u00e9vilard (BE)<\/li>\n\n\n\n<li>Emilie MOREAU, membre de la direction Jura Tourisme, Saignel\u00e9gier (JU)<\/li>\n\n\n\n<li>Laure-Emmanuelle PERRET-AEBI, Dre. en chimie, EPFL, Fondatrice de Compaz, association pour la cr\u00e9ation de lien entre l\u2019art et la soci\u00e9t\u00e9, Neuch\u00e2tel (NE)<\/li>\n\n\n\n<li>Patrick R\u00c9RAT, prof. Institut de g\u00e9ographie et durabilit\u00e9, sp\u00e9cialiste de la mobilit\u00e9 transfrontali\u00e8re, Universit\u00e9 de Lausanne (VD)<\/li>\n<\/ul>\n\n\n\n<div class=\"wp-block-buttons is-horizontal is-content-justification-center is-layout-flex wp-container-core-buttons-is-layout-03627597 wp-block-buttons-is-layout-flex\">\n<div class=\"wp-block-button\"><a class=\"wp-block-button__link has-theme-yellow-color has-text-color wp-element-button\" href=\"https:\/\/www.vivrelafrontiere.org\/?page_id=14\">Historique<\/a><\/div>\n\n\n\n<div class=\"wp-block-button\"><a class=\"wp-block-button__link has-theme-yellow-color has-text-color wp-element-button\" href=\"https:\/\/www.vivrelafrontiere.org\/?page_id=15\">Buts de l&rsquo;association<\/a><\/div>\n\n\n\n<div class=\"wp-block-button\"><a class=\"wp-block-button__link has-theme-yellow-color has-text-color wp-element-button\" href=\"https:\/\/www.vivrelafrontiere.org\/?page_id=17\">Partenaires<\/a><\/div>\n<\/div>\n\n\n\n<p><\/p>\n","protected":false},"excerpt":{"rendered":"<p>Groupe de suivi Afin que l\u2019association ne soit pas une simple \u00ab coquille vide \u00bb mais une ressource vivante, diff\u00e9rentes personnalit\u00e9s de la r\u00e9gion ont \u00e9t\u00e9 sollicit\u00e9es dans le but de former un comit\u00e9 de suivi \u00e9volutif. Ce&nbsp;think tank&nbsp;accompagnera la r\u00e9flexion sur le th\u00e8me lui-m\u00eame et sur le d\u00e9veloppement des projets artistiques et culturels. Il &hellip; <a href=\"https:\/\/www.vivrelafrontiere.org\/?page_id=16\" class=\"more-link\">Poursuivre la lecture <span class=\"screen-reader-text\"> \u00ab\u00a0Groupe de suivi\u00a0\u00bb<\/span><\/a><\/p>\n","protected":false},"author":2,"featured_media":0,"parent":0,"menu_order":0,"comment_status":"closed","ping_status":"closed","template":"","meta":{"footnotes":""},"class_list":["post-16","page","type-page","status-publish","hentry"],"_links":{"self":[{"href":"https:\/\/www.vivrelafrontiere.org\/index.php?rest_route=\/wp\/v2\/pages\/16","targetHints":{"allow":["GET"]}}],"collection":[{"href":"https:\/\/www.vivrelafrontiere.org\/index.php?rest_route=\/wp\/v2\/pages"}],"about":[{"href":"https:\/\/www.vivrelafrontiere.org\/index.php?rest_route=\/wp\/v2\/types\/page"}],"author":[{"embeddable":true,"href":"https:\/\/www.vivrelafrontiere.org\/index.php?rest_route=\/wp\/v2\/users\/2"}],"replies":[{"embeddable":true,"href":"https:\/\/www.vivrelafrontiere.org\/index.php?rest_route=%2Fwp%2Fv2%2Fcomments&post=16"}],"version-history":[{"count":6,"href":"https:\/\/www.vivrelafrontiere.org\/index.php?rest_route=\/wp\/v2\/pages\/16\/revisions"}],"predecessor-version":[{"id":776,"href":"https:\/\/www.vivrelafrontiere.org\/index.php?rest_route=\/wp\/v2\/pages\/16\/revisions\/776"}],"wp:attachment":[{"href":"https:\/\/www.vivrelafrontiere.org\/index.php?rest_route=%2Fwp%2Fv2%2Fmedia&parent=16"}],"curies":[{"name":"wp","href":"https:\/\/api.w.org\/{rel}","templated":true}]}}