{"id":167,"date":"2021-02-16T10:47:12","date_gmt":"2021-02-16T09:47:12","guid":{"rendered":"https:\/\/web1.unine.ch\/vivrelafrontiere\/?page_id=167"},"modified":"2023-08-08T12:55:33","modified_gmt":"2023-08-08T10:55:33","slug":"index","status":"publish","type":"page","link":"https:\/\/www.vivrelafrontiere.org\/","title":{"rendered":"accueil"},"content":{"rendered":"\n<figure class=\"wp-block-image aligncenter size-large is-resized\"><img loading=\"lazy\" decoding=\"async\" src=\"https:\/\/www.vivrelafrontiere.org\/wp-content\/uploads\/2022\/10\/affiche-bongour-gronat-and-back-1024x716.jpg\" alt=\"\" class=\"wp-image-737\" width=\"864\" height=\"604\" srcset=\"https:\/\/www.vivrelafrontiere.org\/wp-content\/uploads\/2022\/10\/affiche-bongour-gronat-and-back-1024x716.jpg 1024w, https:\/\/www.vivrelafrontiere.org\/wp-content\/uploads\/2022\/10\/affiche-bongour-gronat-and-back-300x210.jpg 300w, https:\/\/www.vivrelafrontiere.org\/wp-content\/uploads\/2022\/10\/affiche-bongour-gronat-and-back-768x537.jpg 768w, https:\/\/www.vivrelafrontiere.org\/wp-content\/uploads\/2022\/10\/affiche-bongour-gronat-and-back-687x480.jpg 687w, https:\/\/www.vivrelafrontiere.org\/wp-content\/uploads\/2022\/10\/affiche-bongour-gronat-and-back.jpg 1150w\" sizes=\"auto, (min-width: 960px) 75vw, 100vw\" \/><\/figure>\n\n\n\n<div class=\"wp-block-group alignwide is-layout-flow wp-block-group-is-layout-flow\">\n<div class=\"wp-block-columns alignfull is-layout-flex wp-container-core-columns-is-layout-28f84493 wp-block-columns-is-layout-flex\">\n<div class=\"wp-block-column is-layout-flow wp-block-column-is-layout-flow\" style=\"flex-basis:42%\"><\/div>\n<\/div>\n<\/div>\n\n\n\n<div style=\"height:27px\" aria-hidden=\"true\" class=\"wp-block-spacer\"><\/div>\n\n\n\n<div class=\"wp-block-media-text alignwide is-stacked-on-mobile is-image-fill has-theme-yellow-background-color has-background\" style=\"grid-template-columns:54% auto\"><figure class=\"wp-block-media-text__media\" style=\"background-image:url(https:\/\/web1.unine.ch\/vivrelafrontiere\/wp-content\/uploads\/2021\/02\/VisionsTrans0511n3CreditDavidCesbron-1024x686.png);background-position:41% 26%\"><img loading=\"lazy\" decoding=\"async\" width=\"1024\" height=\"686\" src=\"https:\/\/web1.unine.ch\/vivrelafrontiere\/wp-content\/uploads\/2021\/02\/VisionsTrans0511n3CreditDavidCesbron-1024x686.png\" alt=\"\" class=\"wp-image-168 size-full\" srcset=\"https:\/\/www.vivrelafrontiere.org\/wp-content\/uploads\/2021\/02\/VisionsTrans0511n3CreditDavidCesbron-1024x686.png 1024w, https:\/\/www.vivrelafrontiere.org\/wp-content\/uploads\/2021\/02\/VisionsTrans0511n3CreditDavidCesbron-300x201.png 300w, https:\/\/www.vivrelafrontiere.org\/wp-content\/uploads\/2021\/02\/VisionsTrans0511n3CreditDavidCesbron-768x514.png 768w, https:\/\/www.vivrelafrontiere.org\/wp-content\/uploads\/2021\/02\/VisionsTrans0511n3CreditDavidCesbron-717x480.png 717w, https:\/\/www.vivrelafrontiere.org\/wp-content\/uploads\/2021\/02\/VisionsTrans0511n3CreditDavidCesbron.png 1181w\" sizes=\"auto, (min-width: 960px) 75vw, 100vw\" \/><\/figure><div class=\"wp-block-media-text__content\">\n<div class=\"wp-block-group has-theme-yellow-background-color has-background is-layout-flow wp-block-group-is-layout-flow\">\n<h1 class=\"wp-block-heading\" id=\"vivre-la-frontiere\">Vivre la Fronti\u00e8re<\/h1>\n\n\n\n<p>L\u2019association Vivre la Fronti\u00e8re a \u00e9t\u00e9 cr\u00e9\u00e9e avec l\u2019objectif de promouvoir la recherche-action artistique autour des tensions, des revendications et des formes de coop\u00e9ration qui caract\u00e9risent l\u2019Arc jurassien, dans l\u2019histoire et aujourd\u2019hui.<\/p>\n\n\n\n<p>Elle vise la cr\u00e9ation d\u2019un programme d\u2019\u00e9v\u00e9nements culturels portant sur la fronti\u00e8re franco-suisse et sur la diversit\u00e9 des trajectoires et des positionnements de ses diff\u00e9rentes r\u00e9gions et zones de contact.<\/p>\n\n\n\n<p>L\u2019association VLF est une association soutenue par un groupe de suivi compos\u00e9 de personnalit\u00e9s actives dans les cantons de Berne, du Jura, de Neuch\u00e2tel et de Vaud.&nbsp;<\/p>\n<\/div>\n<\/div><\/div>\n\n\n\n<div style=\"height:50px\" aria-hidden=\"true\" class=\"wp-block-spacer\"><\/div>\n\n\n\n\n\n<p><\/p>\n\n\n<p><\/p>\n\n\n<\/p>\n<figure class=\"wp-block-image\"><a href=\"https:\/\/www.vivrelafrontiere.org\/?page_id=48\"><img loading=\"lazy\" decoding=\"async\" class=\"wp-image-609 alignleft\" src=\"https:\/\/www.vivrelafrontiere.org\/wp-content\/uploads\/2021\/10\/Gatean_Weislo_1.png\" alt=\"photo \u00a9 Ga\u00ebtan Weislo\" width=\"1187\" height=\"784\" srcset=\"https:\/\/www.vivrelafrontiere.org\/wp-content\/uploads\/2021\/10\/Gatean_Weislo_1.png 885w, https:\/\/www.vivrelafrontiere.org\/wp-content\/uploads\/2021\/10\/Gatean_Weislo_1-300x198.png 300w, https:\/\/www.vivrelafrontiere.org\/wp-content\/uploads\/2021\/10\/Gatean_Weislo_1-768x507.png 768w, https:\/\/www.vivrelafrontiere.org\/wp-content\/uploads\/2021\/10\/Gatean_Weislo_1-720x475.png 720w\" sizes=\"auto, (min-width: 960px) 75vw, 100vw\" \/><\/a>\n<figcaption><em>photo \u00a9 Ga\u00ebtan Weislo<\/em><\/figcaption>\n<\/figure>\n<p>\n\n\n<p><\/p>","protected":false},"excerpt":{"rendered":"","protected":false},"author":2,"featured_media":0,"parent":0,"menu_order":0,"comment_status":"closed","ping_status":"closed","template":"","meta":{"footnotes":""},"class_list":["post-167","page","type-page","status-publish","hentry"],"_links":{"self":[{"href":"https:\/\/www.vivrelafrontiere.org\/index.php?rest_route=\/wp\/v2\/pages\/167","targetHints":{"allow":["GET"]}}],"collection":[{"href":"https:\/\/www.vivrelafrontiere.org\/index.php?rest_route=\/wp\/v2\/pages"}],"about":[{"href":"https:\/\/www.vivrelafrontiere.org\/index.php?rest_route=\/wp\/v2\/types\/page"}],"author":[{"embeddable":true,"href":"https:\/\/www.vivrelafrontiere.org\/index.php?rest_route=\/wp\/v2\/users\/2"}],"replies":[{"embeddable":true,"href":"https:\/\/www.vivrelafrontiere.org\/index.php?rest_route=%2Fwp%2Fv2%2Fcomments&post=167"}],"version-history":[{"count":83,"href":"https:\/\/www.vivrelafrontiere.org\/index.php?rest_route=\/wp\/v2\/pages\/167\/revisions"}],"predecessor-version":[{"id":788,"href":"https:\/\/www.vivrelafrontiere.org\/index.php?rest_route=\/wp\/v2\/pages\/167\/revisions\/788"}],"wp:attachment":[{"href":"https:\/\/www.vivrelafrontiere.org\/index.php?rest_route=%2Fwp%2Fv2%2Fmedia&parent=167"}],"curies":[{"name":"wp","href":"https:\/\/api.w.org\/{rel}","templated":true}]}}