{"id":666,"date":"2021-11-26T10:00:25","date_gmt":"2021-11-26T09:00:25","guid":{"rendered":"https:\/\/www.vivrelafrontiere.org\/?page_id=666"},"modified":"2023-11-22T18:42:34","modified_gmt":"2023-11-22T17:42:34","slug":"partenariats-locaux","status":"publish","type":"page","link":"https:\/\/www.vivrelafrontiere.org\/?page_id=666","title":{"rendered":"Partenariats locaux"},"content":{"rendered":"\n<blockquote class=\"wp-block-quote is-layout-flow wp-block-quote-is-layout-flow\">\n<p>Parmi ses diff\u00e9rents objectifs, le projet <em>Ligne de partages<\/em>, souhaite explorer les pratiques artistiques et associatives qui font vivre les r\u00e9gions frontali\u00e8res.<\/p>\n\n\n\n<p>Le projet vise aussi \u00e0 cr\u00e9er des rencontres et des partenariats artistiques in\u00e9dits, avec notre \u00e9quipe, mais aussi entre acteurs locaux; \u00e0 terme, nous esp\u00e9rons dans l\u2019enti\u00e8ret\u00e9 de l\u2019Arc Jurassien.<\/p>\n\n\n\n<p>Sur cette page nous publions ce que les personnes avec lesquelles nous avons collabor\u00e9 nous ont transmis pour le partager avec vous.<\/p>\n\n\n\n<p><strong>&#8212;-<\/strong><\/p>\n\n\n\n<p><em><strong>Page en cours de construction.<\/strong><\/em><\/p>\n<\/blockquote>\n\n\n\n<p><\/p>\n\n\n\n<h4 class=\"wp-block-heading\">Partenaires de la veill\u00e9e mortuacienne du 27novembre 2021<\/h4>\n\n\n\n<p>O<em>nt collabor\u00e9 avec nous au plateau, par ordre alphab\u00e9tique<\/em>:<\/p>\n\n\n\n<p><strong>Stephane Bournez<\/strong> &#8211; Musicien.<br><a rel=\"noreferrer noopener\" href=\"https:\/\/youtube.com\/c\/St%C3%A9phaneBournez\" target=\"_blank\">Chaine youtube<\/a> <br><a rel=\"noreferrer noopener\" href=\"https:\/\/youtu.be\/vgzJZAaM_sc\" target=\"_blank\">Membre du duo Boom Boom Kids<\/a><br><a rel=\"noreferrer noopener\" href=\"http:\/\/harmonie-morteau.fr\/Contact\" target=\"_blank\">Directeur de l&rsquo;Harmonie de Morteau<\/a>. (<a rel=\"noreferrer noopener\" href=\"https:\/\/www.facebook.com\/HarmoniedeMorteau\/\" data-type=\"URL\" data-id=\"https:\/\/www.facebook.com\/HarmoniedeMorteau\/\" target=\"_blank\">Page Fb<\/a>)<br><\/p>\n\n\n\n<p><strong>Bruno Lehmann<\/strong>, a cr\u00e9\u00e9 la troupe \u00ab\u00a0Ch\u0153ur de Morteau\u00a0\u00bb en janvier 2018, avec l&rsquo;id\u00e9e de faire des spectacles au profit des Restos du C\u0153ur, et amener un esprit \u00ab\u00a0Les enfoir\u00e9s \u00e0 Morteau\u201d. Depuis, tous les 2 ans, cette petite troupe d\u2019amateurs monte sur sc\u00e8ne, pour alterner les sketches et les chansons avec humour, simplicit\u00e9 et enthousiasme.<\/p>\n\n\n\n<p><\/p>\n\n\n\n<p><strong>Coralie Maignant<\/strong> &#8211; Danseuse , Chor\u00e9graphe<br><a rel=\"noreferrer noopener\" href=\"https:\/\/cieodradek.wordpress.com\/contact\/\" target=\"_blank\">Directrice artistique de la Compagnie Odradek<\/a>  (<a rel=\"noreferrer noopener\" href=\"https:\/\/www.instagram.com\/cieodradek\/\" target=\"_blank\">page instagram<\/a> , <a rel=\"noreferrer noopener\" href=\"https:\/\/www.facebook.com\/search\/top?q=cie%20odradek\" data-type=\"URL\" data-id=\"https:\/\/www.facebook.com\/search\/top?q=cie%20odradek\" target=\"_blank\">page facebook<\/a>)<br><a rel=\"noreferrer noopener\" href=\"\/\/www.lehangar-espacedanse.fr\/\" target=\"_blank\">Et de l&rsquo;\u00e9cole le HANGAR-espace danse<\/a> (<a rel=\"noreferrer noopener\" href=\"https:\/\/www.instagram.com\/le_hangar_espace_danse\/\" target=\"_blank\">page instagram<\/a> ,  page <a rel=\"noreferrer noopener\" href=\"https:\/\/www.facebook.com\/profile.php?id=100057469337353\" target=\"_blank\">facebook<\/a>)<br><\/p>\n\n\n\n<p><strong>Julien Vernerey<\/strong> &#8211; Ing\u00e9nieur HES, joueur de Saxo baryton \u00e0 l\u2019harmonie de Morteau<br>Julien \u00e9crit avec ses amis la chanson \u00ab\u00a0110 ans et tu entends\u00a0\u00bb, inspir\u00e9e par les 110 ans que l&rsquo;Harmonie de Morteau aurait d\u00fb f\u00eater en 2020 et par la p\u00e9riode qui n\u2019a pas rendu cela possible ( <a rel=\"noreferrer noopener\" href=\"https:\/\/www.youtube.com\/watch?v=rvvwS4YikAc\" data-type=\"URL\" data-id=\"https:\/\/www.youtube.com\/watch?v=rvvwS4YikAc\" target=\"_blank\">lien youtube <\/a>)<\/p>\n\n\n\n<p><\/p>\n\n\n\n<p><strong>Nicolas Sjostedt<\/strong> &#8211; Dessinateur de Presse et de Bandes Dessin\u00e9es. Editeur aux Editions du Roc<br><a rel=\"noreferrer noopener\" href=\"http:\/\/dessinsnicolas.blogspot.com\/\" data-type=\"URL\" data-id=\"http:\/\/dessinsnicolas.blogspot.com\/\" target=\"_blank\">D\u00e9couvrir son blog<\/a><br><a rel=\"noreferrer noopener\" href=\"https:\/\/editionsduroc.ch\/\" target=\"_blank\">Le site des Editions du Roc<\/a><\/p>\n\n\n\n<p><\/p>\n\n\n\n<p><strong>Odile Vuillemin<\/strong> &#8211; Plasticienne I Sculpteure I Designer &amp; Sc\u00e9nographe.<br>Dipl\u00f4m\u00e9e de l\u2019Ecole des Arts D\u00e9coratifs de Strasbourg, Odile est passionn\u00e9e par la recherche de formes et de concepts qui touchent \u00e0 l\u2019espace, les outils de cr\u00e9ation et d\u2019impression en 3D.<\/p>\n\n\n\n<p>Plus d&rsquo;informations :<a rel=\"noreferrer noopener\" href=\"http:\/\/odilevuillemin-sculpture.com\/\" target=\"_blank\"> <\/a><br><a rel=\"noreferrer noopener\" href=\"http:\/\/odilevuillemin-sculpture.com\/\" target=\"_blank\">Site web<\/a><br><a rel=\"noreferrer noopener\" href=\"https:\/\/www.forum-transfrontalier.org\/autres-frontieres\/odile-vuillemin\/\" target=\"_blank\">Le Champ des Possibles &#8211; Sculpture-Th\u00e9\u00e2tre \u00e0 ciel ouvert<\/a> &#8211; Projet de sculpture monumentale pour une fronti\u00e8re<\/p>\n\n\n\n<p><br><\/p>\n\n\n\n<p><br><\/p>\n\n\n\n<p><\/p>\n","protected":false},"excerpt":{"rendered":"<p>Parmi ses diff\u00e9rents objectifs, le projet Ligne de partages, souhaite explorer les pratiques artistiques et associatives qui font vivre les r\u00e9gions frontali\u00e8res. Le projet vise aussi \u00e0 cr\u00e9er des rencontres et des partenariats artistiques in\u00e9dits, avec notre \u00e9quipe, mais aussi entre acteurs locaux; \u00e0 terme, nous esp\u00e9rons dans l\u2019enti\u00e8ret\u00e9 de l\u2019Arc Jurassien. Sur cette page &hellip; <a href=\"https:\/\/www.vivrelafrontiere.org\/?page_id=666\" class=\"more-link\">Poursuivre la lecture <span class=\"screen-reader-text\"> \u00ab\u00a0Partenariats locaux\u00a0\u00bb<\/span><\/a><\/p>\n","protected":false},"author":2,"featured_media":0,"parent":0,"menu_order":0,"comment_status":"closed","ping_status":"closed","template":"","meta":{"footnotes":""},"class_list":["post-666","page","type-page","status-publish","hentry"],"_links":{"self":[{"href":"https:\/\/www.vivrelafrontiere.org\/index.php?rest_route=\/wp\/v2\/pages\/666","targetHints":{"allow":["GET"]}}],"collection":[{"href":"https:\/\/www.vivrelafrontiere.org\/index.php?rest_route=\/wp\/v2\/pages"}],"about":[{"href":"https:\/\/www.vivrelafrontiere.org\/index.php?rest_route=\/wp\/v2\/types\/page"}],"author":[{"embeddable":true,"href":"https:\/\/www.vivrelafrontiere.org\/index.php?rest_route=\/wp\/v2\/users\/2"}],"replies":[{"embeddable":true,"href":"https:\/\/www.vivrelafrontiere.org\/index.php?rest_route=%2Fwp%2Fv2%2Fcomments&post=666"}],"version-history":[{"count":29,"href":"https:\/\/www.vivrelafrontiere.org\/index.php?rest_route=\/wp\/v2\/pages\/666\/revisions"}],"predecessor-version":[{"id":794,"href":"https:\/\/www.vivrelafrontiere.org\/index.php?rest_route=\/wp\/v2\/pages\/666\/revisions\/794"}],"wp:attachment":[{"href":"https:\/\/www.vivrelafrontiere.org\/index.php?rest_route=%2Fwp%2Fv2%2Fmedia&parent=666"}],"curies":[{"name":"wp","href":"https:\/\/api.w.org\/{rel}","templated":true}]}}